{"id":116,"date":"2014-05-30T14:17:08","date_gmt":"2014-05-30T12:17:08","guid":{"rendered":"http:\/\/pixelgrade.com\/demos\/rosa2\/?page_id=116"},"modified":"2018-01-23T17:11:13","modified_gmt":"2018-01-23T16:11:13","slug":"contact","status":"publish","type":"page","link":"http:\/\/delgaudiogourmet.com\/fr\/contact\/","title":{"rendered":"Contact"},"content":{"rendered":"\t<div class=\"pixcode  pixcode--grid  grid\" >\n\t\t\t<div class=\"grid__item six-twelfths palm-one-whole\" >\n\t\t\n<h3 class=\"flush--top\"><strong>Nous contacter<\/strong><\/h3>\n<p>Vous d\u00e9sirez nous faire part de vos commentaires, suggestions, interrogations ?<br \/>\nContactez-nous directement par mail ou par t\u00e9l\u00e9phone :<\/p>\n<p><a href=\"e.delgaudio@delgaudiogourmet.com\">e.delgaudio@delgaudiogourmet.com<\/a> ou au +33 (0)6 80 25 16 62<\/p>\n<p>ou laissez-nous un message via le formulaire de contact.<\/p>\n<p>Del Gaudio Gourmet met tout en \u0153uvre pour r\u00e9pondre \u00e0 vos questions et satisfaire vos demandes sur tous nos produits de la gamme.<\/p>\n<p>A bient\u00f4t !<br \/>\n\t<\/div>\n\n\t<div class=\"grid__item six-twelfths palm-one-whole\" >\n\t\t\n<div role=\"form\" class=\"wpcf7\" id=\"wpcf7-f521-o1\" lang=\"en-US\" dir=\"ltr\">\n<div class=\"screen-reader-response\"><p role=\"status\" aria-live=\"polite\" aria-atomic=\"true\"><\/p> <ul><\/ul><\/div>\n<form action=\"\/fr\/wp-json\/wp\/v2\/pages\/116#wpcf7-f521-o1\" method=\"post\" class=\"wpcf7-form init\" novalidate=\"novalidate\" data-status=\"init\">\n<div style=\"display: none;\">\n<input type=\"hidden\" name=\"_wpcf7\" value=\"521\" \/>\n<input type=\"hidden\" name=\"_wpcf7_version\" value=\"5.4\" \/>\n<input type=\"hidden\" name=\"_wpcf7_locale\" value=\"en_US\" \/>\n<input type=\"hidden\" name=\"_wpcf7_unit_tag\" value=\"wpcf7-f521-o1\" \/>\n<input type=\"hidden\" name=\"_wpcf7_container_post\" value=\"0\" \/>\n<input type=\"hidden\" name=\"_wpcf7_posted_data_hash\" value=\"\" \/>\n<\/div>\n<div class=\"grid pixcode--grid\">\n<div class=\"grid__item  six-twelfths palm-one-whole\">\n  <span class=\"wpcf7-form-control-wrap your-name\"><input type=\"text\" name=\"your-name\" value=\"\" size=\"40\" class=\"wpcf7-form-control wpcf7-text wpcf7-validates-as-required\" aria-required=\"true\" aria-invalid=\"false\" placeholder=\"Pr\u00e9nom\" \/><\/span>\n  <\/div>\n<div class=\"grid__item  six-twelfths palm-one-whole\">\n  <span class=\"wpcf7-form-control-wrap last-name\"><input type=\"text\" name=\"last-name\" value=\"\" size=\"40\" class=\"wpcf7-form-control wpcf7-text wpcf7-validates-as-required\" aria-required=\"true\" aria-invalid=\"false\" placeholder=\"Nom\" \/><\/span>\n  <\/div>\n<\/div>\n<p><span class=\"wpcf7-form-control-wrap your-email\"><input type=\"email\" name=\"your-email\" value=\"\" size=\"40\" class=\"wpcf7-form-control wpcf7-text wpcf7-email wpcf7-validates-as-required wpcf7-validates-as-email\" aria-required=\"true\" aria-invalid=\"false\" placeholder=\"Email\" \/><\/span> <span class=\"wpcf7-form-control-wrap your-message\"><textarea name=\"your-message\" cols=\"40\" rows=\"10\" class=\"wpcf7-form-control wpcf7-textarea\" aria-invalid=\"false\" placeholder=\"Message\"><\/textarea><\/span><input type=\"submit\" value=\"Envoyer le message\" class=\"wpcf7-form-control wpcf7-submit\" \/><\/p>\n<div class=\"wpcf7-response-output\" aria-hidden=\"true\"><\/div><\/form><\/div>\n\t<\/div>\n\n\t<\/div>\n\n","protected":false},"excerpt":{"rendered":"","protected":false},"author":1,"featured_media":621,"parent":0,"menu_order":0,"comment_status":"closed","ping_status":"closed","template":"","meta":[],"_links":{"self":[{"href":"http:\/\/delgaudiogourmet.com\/fr\/wp-json\/wp\/v2\/pages\/116"}],"collection":[{"href":"http:\/\/delgaudiogourmet.com\/fr\/wp-json\/wp\/v2\/pages"}],"about":[{"href":"http:\/\/delgaudiogourmet.com\/fr\/wp-json\/wp\/v2\/types\/page"}],"author":[{"embeddable":true,"href":"http:\/\/delgaudiogourmet.com\/fr\/wp-json\/wp\/v2\/users\/1"}],"replies":[{"embeddable":true,"href":"http:\/\/delgaudiogourmet.com\/fr\/wp-json\/wp\/v2\/comments?post=116"}],"version-history":[{"count":6,"href":"http:\/\/delgaudiogourmet.com\/fr\/wp-json\/wp\/v2\/pages\/116\/revisions"}],"predecessor-version":[{"id":689,"href":"http:\/\/delgaudiogourmet.com\/fr\/wp-json\/wp\/v2\/pages\/116\/revisions\/689"}],"wp:featuredmedia":[{"embeddable":true,"href":"http:\/\/delgaudiogourmet.com\/fr\/wp-json\/wp\/v2\/media\/621"}],"wp:attachment":[{"href":"http:\/\/delgaudiogourmet.com\/fr\/wp-json\/wp\/v2\/media?parent=116"}],"curies":[{"name":"wp","href":"https:\/\/api.w.org\/{rel}","templated":true}]}}