{"id":630,"date":"2016-11-14T11:01:55","date_gmt":"2016-11-14T10:01:55","guid":{"rendered":"http:\/\/delgaudiogourmet.com\/fr\/?page_id=630"},"modified":"2018-01-23T16:48:39","modified_gmt":"2018-01-23T15:48:39","slug":"a-propos","status":"publish","type":"page","link":"http:\/\/delgaudiogourmet.com\/fr\/a-propos\/","title":{"rendered":"\u00c0 propos"},"content":{"rendered":"\t<div class=\"pixcode  pixcode--grid  grid\" >\n\t\t\n\t<div class=\"grid__item two-twelfths palm-one-whole\" >\n\t\t\n<p>&nbsp;<\/p>\n\t<\/div>\n\n\t<div class=\"grid__item eight-twelfths palm-one-whole\" >\n\t\t\n<h3><strong>\u00c0 PROPOS<\/strong><\/h3>\n<p>La famille Del Gaudio, depuis deux g\u00e9n\u00e9rations, a d\u00e9velopp\u00e9 un vrai savoir-faire dans la s\u00e9lection de produits italiens de qualit\u00e9, en allant chercher des producteurs et partenaires d\u2019excellence pour offrir l\u2019approvisionnement quotidien de produits frais.<\/p>\n<p><img loading=\"lazy\" class=\"wp-image-50 size-full\" src=\"http:\/\/delgaudiogourmet.com\/wp-content\/uploads\/2016\/12\/apropos-img-2.jpg\" alt=\"del gaudio family\" width=\"1000\" height=\"548\" \/><\/p>\n<p>En poursuivant la tradition familiale, la soci\u00e9t\u00e9 Del Gaudio Gourmet va vous faire d\u00e9couvrir des produits typiques italiens d\u00e9nich\u00e9s aupr\u00e8s de producteurs passionn\u00e9s. Notre attention s\u2019est port\u00e9e avant tout sur les fromages frais italiens, notamment sur toutes les nouvelles vari\u00e9t\u00e9s de mozzarella di bufala et de burrata. <\/p>\n<p>Une s\u00e9lection tr\u00e8s rigoureuse des producteurs nous a permis de r\u00e9pondre \u00e0 nos crit\u00e8res stricts de qualit\u00e9 et d\u2019excellence, et d\u2019\u00e9tablir avec eux une relation privil\u00e9gi\u00e9e de confiance. <\/p>\n<blockquote><p><em>\u00ab Quel bonheur de pouvoir visiter  les sites de productions,  participer \u00e0 la d\u00e9gustation sur place et identifier pour vous les produits de haute qualit\u00e9, des produits avec une histoire, un cahier des charges et un savoir-faire. \u00bb<\/em><\/p><\/blockquote>\n<p><em>\u00ab Nous souhaitons non seulement \u00eatre en mesure de raconter l\u2019histoire du produit, mais de vous conseiller sur la meilleure fa\u00e7on  de le consommer en respectant la tradition culinaire italienne dont nous sommes impr\u00e9gn\u00e9s. \u00bb<\/em><br \/>\n\t<\/div>\n\n\t<\/div>\n\n","protected":false},"excerpt":{"rendered":"","protected":false},"author":2,"featured_media":631,"parent":0,"menu_order":0,"comment_status":"closed","ping_status":"closed","template":"","meta":[],"_links":{"self":[{"href":"http:\/\/delgaudiogourmet.com\/fr\/wp-json\/wp\/v2\/pages\/630"}],"collection":[{"href":"http:\/\/delgaudiogourmet.com\/fr\/wp-json\/wp\/v2\/pages"}],"about":[{"href":"http:\/\/delgaudiogourmet.com\/fr\/wp-json\/wp\/v2\/types\/page"}],"author":[{"embeddable":true,"href":"http:\/\/delgaudiogourmet.com\/fr\/wp-json\/wp\/v2\/users\/2"}],"replies":[{"embeddable":true,"href":"http:\/\/delgaudiogourmet.com\/fr\/wp-json\/wp\/v2\/comments?post=630"}],"version-history":[{"count":7,"href":"http:\/\/delgaudiogourmet.com\/fr\/wp-json\/wp\/v2\/pages\/630\/revisions"}],"predecessor-version":[{"id":715,"href":"http:\/\/delgaudiogourmet.com\/fr\/wp-json\/wp\/v2\/pages\/630\/revisions\/715"}],"wp:featuredmedia":[{"embeddable":true,"href":"http:\/\/delgaudiogourmet.com\/fr\/wp-json\/wp\/v2\/media\/631"}],"wp:attachment":[{"href":"http:\/\/delgaudiogourmet.com\/fr\/wp-json\/wp\/v2\/media?parent=630"}],"curies":[{"name":"wp","href":"https:\/\/api.w.org\/{rel}","templated":true}]}}